{"id":1305,"date":"2017-03-29T16:23:55","date_gmt":"2017-03-29T16:23:55","guid":{"rendered":"http:\/\/bodegassimbolo.com\/tienda\/?post_type=product&#038;p=1305"},"modified":"2025-12-01T09:18:47","modified_gmt":"2025-12-01T08:18:47","slug":"simbolo-verdejo","status":"publish","type":"product","link":"https:\/\/bodegassimbolo.com\/tienda\/producto\/simbolo-verdejo\/","title":{"rendered":"S\u00edmbolo Verdejo &#8211; Caja 6 und"},"content":{"rendered":"<p>Vino D.O. La Mancha, variedad verdejo, con un grado alcoh\u00f3lico de 12&#8217;5. Joven, a\u00f1ada 2025. De color amarillo p\u00e1lido con ribetes verdosos. Con una intensidad arom\u00e1tica alta, complejo, elegante y con notas de c\u00edtricos, mel\u00f3n y madreselva. El paso en boca es agradable, fresco, duradero y de una acidez elevada.<\/p>\n<div class=\"fusion-button-wrapper\"><style>.fusion-body .fusion-button.button-1{border-radius:4px 4px 4px 4px;}<\/style><a class=\"fusion-button button-flat fusion-button-default-size button-default button-1 fusion-button-default-span fusion-button-default-type\" target=\"_blank\" rel=\"noopener noreferrer\" href=\"http:\/\/bodegassimbolo.com\/vinos\/simbolo-verdejo\/\"><span class=\"fusion-button-text\">M\u00e1s Informaci\u00f3n<\/span><\/a><\/div>\n","protected":false},"excerpt":{"rendered":"<p>Vino D.O. La Mancha, variedad verdejo, con un grado alcoh\u00f3lico de 12&#8217;5. Joven, a\u00f1ada 2025. De color amarillo p\u00e1lido con ribetes verdosos.<\/p>\n[fusion_button link=\"http:\/\/bodegassimbolo.com\/vinos\/simbolo-verdejo\/\" text_transform=\"\" title=\"\" target=\"_blank\" link_attributes=\"\" alignment_medium=\"\" alignment_small=\"\" alignment=\"\" modal=\"\" hide_on_mobile=\"small-visibility,medium-visibility,large-visibility\" sticky_display=\"normal,sticky\" class=\"\" id=\"\" color=\"default\" button_gradient_top_color=\"\" button_gradient_bottom_color=\"\" button_gradient_top_color_hover=\"\" button_gradient_bottom_color_hover=\"\" accent_color=\"\" accent_hover_color=\"\" type=\"\" bevel_color=\"\" border_width=\"\" border_radius=\"\" border_color=\"\" border_hover_color=\"\" size=\"\" stretch=\"default\" margin_top=\"\" margin_right=\"\" margin_bottom=\"\" margin_left=\"\" icon=\"\" icon_position=\"left\" icon_divider=\"no\" animation_type=\"\" animation_direction=\"left\" animation_speed=\"0.3\" animation_offset=\"\"]M\u00e1s Informaci\u00f3n[\/fusion_button]\n<p>&nbsp;<\/p>\n<p><img decoding=\"async\" class=\"alignnone wp-image-2126\" src=\"http:\/\/bodegassimbolo.com\/tienda\/wp-content\/uploads\/2017\/03\/Diseno-sin-titulo-150x150.png\" alt=\"\" width=\"36\" height=\"36\" srcset=\"https:\/\/bodegassimbolo.com\/tienda\/wp-content\/uploads\/2017\/03\/Diseno-sin-titulo-66x66.png 66w, https:\/\/bodegassimbolo.com\/tienda\/wp-content\/uploads\/2017\/03\/Diseno-sin-titulo-150x150.png 150w, https:\/\/bodegassimbolo.com\/tienda\/wp-content\/uploads\/2017\/03\/Diseno-sin-titulo-200x200.png 200w, https:\/\/bodegassimbolo.com\/tienda\/wp-content\/uploads\/2017\/03\/Diseno-sin-titulo.png 236w\" sizes=\"(max-width: 36px) 100vw, 36px\" \/><strong>Variedad de uva:<\/strong> 100% Verdejo<\/p>\n<p><img decoding=\"async\" class=\"alignnone wp-image-2132\" src=\"http:\/\/bodegassimbolo.com\/tienda\/wp-content\/uploads\/2017\/03\/Diseno-sin-titulo-6-150x150.png\" alt=\"\" width=\"36\" height=\"36\" srcset=\"https:\/\/bodegassimbolo.com\/tienda\/wp-content\/uploads\/2017\/03\/Diseno-sin-titulo-6-66x66.png 66w, https:\/\/bodegassimbolo.com\/tienda\/wp-content\/uploads\/2017\/03\/Diseno-sin-titulo-6-150x150.png 150w, https:\/\/bodegassimbolo.com\/tienda\/wp-content\/uploads\/2017\/03\/Diseno-sin-titulo-6-200x200.png 200w, https:\/\/bodegassimbolo.com\/tienda\/wp-content\/uploads\/2017\/03\/Diseno-sin-titulo-6.png 236w\" sizes=\"(max-width: 36px) 100vw, 36px\" \/><strong>Tipo de vino:<\/strong> Blanco joven<\/p>\n<p><img decoding=\"async\" class=\"alignnone wp-image-2125\" src=\"http:\/\/bodegassimbolo.com\/tienda\/wp-content\/uploads\/2017\/03\/Diseno-sin-titulo-1-150x150.png\" alt=\"\" width=\"36\" height=\"36\" srcset=\"https:\/\/bodegassimbolo.com\/tienda\/wp-content\/uploads\/2017\/03\/Diseno-sin-titulo-1-66x66.png 66w, https:\/\/bodegassimbolo.com\/tienda\/wp-content\/uploads\/2017\/03\/Diseno-sin-titulo-1-150x150.png 150w, https:\/\/bodegassimbolo.com\/tienda\/wp-content\/uploads\/2017\/03\/Diseno-sin-titulo-1-200x200.png 200w, https:\/\/bodegassimbolo.com\/tienda\/wp-content\/uploads\/2017\/03\/Diseno-sin-titulo-1.png 236w\" sizes=\"(max-width: 36px) 100vw, 36px\" \/><strong>Nota de cata:<\/strong> Agradable y fresco, de acidez elevada, con un final de boca muy agradable y persistente.<\/p>\n<p><img decoding=\"async\" class=\"alignnone wp-image-2130\" src=\"http:\/\/bodegassimbolo.com\/tienda\/wp-content\/uploads\/2017\/03\/Diseno-sin-titulo-2-150x150.png\" alt=\"\" width=\"36\" height=\"36\" srcset=\"https:\/\/bodegassimbolo.com\/tienda\/wp-content\/uploads\/2017\/03\/Diseno-sin-titulo-2-66x66.png 66w, https:\/\/bodegassimbolo.com\/tienda\/wp-content\/uploads\/2017\/03\/Diseno-sin-titulo-2-150x150.png 150w, https:\/\/bodegassimbolo.com\/tienda\/wp-content\/uploads\/2017\/03\/Diseno-sin-titulo-2-200x200.png 200w, https:\/\/bodegassimbolo.com\/tienda\/wp-content\/uploads\/2017\/03\/Diseno-sin-titulo-2.png 236w\" sizes=\"(max-width: 36px) 100vw, 36px\" \/><strong>Graduaci\u00f3n:\u00a0<\/strong>12&#8217;5%<\/p>\n<p><img decoding=\"async\" class=\"alignnone wp-image-2129\" src=\"http:\/\/bodegassimbolo.com\/tienda\/wp-content\/uploads\/2017\/03\/Diseno-sin-titulo-3-150x150.png\" alt=\"\" width=\"36\" height=\"36\" srcset=\"https:\/\/bodegassimbolo.com\/tienda\/wp-content\/uploads\/2017\/03\/Diseno-sin-titulo-3-66x66.png 66w, https:\/\/bodegassimbolo.com\/tienda\/wp-content\/uploads\/2017\/03\/Diseno-sin-titulo-3-150x150.png 150w, https:\/\/bodegassimbolo.com\/tienda\/wp-content\/uploads\/2017\/03\/Diseno-sin-titulo-3-200x200.png 200w, https:\/\/bodegassimbolo.com\/tienda\/wp-content\/uploads\/2017\/03\/Diseno-sin-titulo-3.png 236w\" sizes=\"(max-width: 36px) 100vw, 36px\" \/><strong>Temperatura de servicio:<\/strong> 6\u00baC &#8211; 8\u00baC<\/p>\n<p><img decoding=\"async\" class=\"alignnone wp-image-2128\" src=\"http:\/\/bodegassimbolo.com\/tienda\/wp-content\/uploads\/2017\/03\/Diseno-sin-titulo-4-150x150.png\" alt=\"\" width=\"36\" height=\"36\" srcset=\"https:\/\/bodegassimbolo.com\/tienda\/wp-content\/uploads\/2017\/03\/Diseno-sin-titulo-4-66x66.png 66w, https:\/\/bodegassimbolo.com\/tienda\/wp-content\/uploads\/2017\/03\/Diseno-sin-titulo-4-150x150.png 150w, https:\/\/bodegassimbolo.com\/tienda\/wp-content\/uploads\/2017\/03\/Diseno-sin-titulo-4-200x200.png 200w, https:\/\/bodegassimbolo.com\/tienda\/wp-content\/uploads\/2017\/03\/Diseno-sin-titulo-4.png 236w\" sizes=\"(max-width: 36px) 100vw, 36px\" \/><strong>A\u00f1ada:<\/strong> 2025<\/p>\n<p><img decoding=\"async\" class=\"alignnone wp-image-2127\" src=\"http:\/\/bodegassimbolo.com\/tienda\/wp-content\/uploads\/2017\/03\/Diseno-sin-titulo-5-150x150.png\" alt=\"\" width=\"36\" height=\"36\" srcset=\"https:\/\/bodegassimbolo.com\/tienda\/wp-content\/uploads\/2017\/03\/Diseno-sin-titulo-5-66x66.png 66w, https:\/\/bodegassimbolo.com\/tienda\/wp-content\/uploads\/2017\/03\/Diseno-sin-titulo-5-150x150.png 150w, https:\/\/bodegassimbolo.com\/tienda\/wp-content\/uploads\/2017\/03\/Diseno-sin-titulo-5-200x200.png 200w, https:\/\/bodegassimbolo.com\/tienda\/wp-content\/uploads\/2017\/03\/Diseno-sin-titulo-5.png 236w\" sizes=\"(max-width: 36px) 100vw, 36px\" \/><strong>Formato:<\/strong> Botella de 75 cl<\/p>\n<p><img decoding=\"async\" class=\"alignnone wp-image-2557 \" src=\"http:\/\/bodegassimbolo.com\/tienda\/wp-content\/uploads\/2017\/03\/iconos-tienda-online-1-150x150.png\" alt=\"\" width=\"35\" height=\"35\" srcset=\"https:\/\/bodegassimbolo.com\/tienda\/wp-content\/uploads\/2017\/03\/iconos-tienda-online-1-66x66.png 66w, https:\/\/bodegassimbolo.com\/tienda\/wp-content\/uploads\/2017\/03\/iconos-tienda-online-1-150x150.png 150w, https:\/\/bodegassimbolo.com\/tienda\/wp-content\/uploads\/2017\/03\/iconos-tienda-online-1-200x200.png 200w, https:\/\/bodegassimbolo.com\/tienda\/wp-content\/uploads\/2017\/03\/iconos-tienda-online-1.png 236w\" sizes=\"(max-width: 35px) 100vw, 35px\" \/><strong>Valor energ\u00e9tico:<\/strong> E (por 100ml) = 326kJ \/ 78kcal<\/p>\n<p><img decoding=\"async\" class=\"alignnone wp-image-2271\" src=\"http:\/\/bodegassimbolo.com\/tienda\/wp-content\/uploads\/2017\/03\/iconos-tienda-online-150x150.png\" alt=\"\" width=\"36\" height=\"36\" srcset=\"https:\/\/bodegassimbolo.com\/tienda\/wp-content\/uploads\/2017\/03\/iconos-tienda-online-66x66.png 66w, https:\/\/bodegassimbolo.com\/tienda\/wp-content\/uploads\/2017\/03\/iconos-tienda-online-150x150.png 150w, https:\/\/bodegassimbolo.com\/tienda\/wp-content\/uploads\/2017\/03\/iconos-tienda-online-200x200.png 200w, https:\/\/bodegassimbolo.com\/tienda\/wp-content\/uploads\/2017\/03\/iconos-tienda-online.png 236w\" sizes=\"(max-width: 36px) 100vw, 36px\" \/><strong>Premios:\u00a0<\/strong><\/p>\n<ul>\n<li>Medalla de Oro &#8211; XXXVIII Concurso a la Calidad de Vinos Embotellados y Varietales D.O. La Mancha en 2024<\/li>\n<li>Medalla de Oro &#8211; Premios Bombo de Tomelloso 2025<\/li>\n<li>Medalla de Plata &#8211; XXXV Edici\u00f3n Premios Gran Selecci\u00f3n \u00abCampo y Alma\u00bb en 2024<\/li>\n<\/ul>\n[fusion_button link=\"http:\/\/bodegassimbolo.com\/tienda\/wp-content\/uploads\/2023\/11\/Valor-nutricional-Verdejo.pdf\" text_transform=\"\" title=\"\" target=\"_blank\" link_attributes=\"\" alignment_medium=\"\" alignment_small=\"\" alignment=\"\" modal=\"\" hide_on_mobile=\"small-visibility,medium-visibility,large-visibility\" sticky_display=\"normal,sticky\" class=\"\" id=\"\" color=\"default\" button_gradient_top_color=\"\" button_gradient_bottom_color=\"\" button_gradient_top_color_hover=\"\" button_gradient_bottom_color_hover=\"\" accent_color=\"\" accent_hover_color=\"\" type=\"\" bevel_color=\"\" border_width=\"\" border_radius=\"\" border_color=\"\" border_hover_color=\"\" size=\"\" stretch=\"default\" margin_top=\"\" margin_right=\"\" margin_bottom=\"\" margin_left=\"\" icon=\"\" icon_position=\"left\" icon_divider=\"no\" animation_type=\"\" animation_direction=\"left\" animation_speed=\"0.3\" animation_offset=\"\"]M\u00e1s informaci\u00f3n de ingredientes y tabla nutricional[\/fusion_button]\n","protected":false},"featured_media":2645,"comment_status":"open","ping_status":"closed","template":"","meta":[],"product_cat":[54,60],"product_tag":[],"_links":{"self":[{"href":"https:\/\/bodegassimbolo.com\/tienda\/wp-json\/wp\/v2\/product\/1305"}],"collection":[{"href":"https:\/\/bodegassimbolo.com\/tienda\/wp-json\/wp\/v2\/product"}],"about":[{"href":"https:\/\/bodegassimbolo.com\/tienda\/wp-json\/wp\/v2\/types\/product"}],"replies":[{"embeddable":true,"href":"https:\/\/bodegassimbolo.com\/tienda\/wp-json\/wp\/v2\/comments?post=1305"}],"wp:featuredmedia":[{"embeddable":true,"href":"https:\/\/bodegassimbolo.com\/tienda\/wp-json\/wp\/v2\/media\/2645"}],"wp:attachment":[{"href":"https:\/\/bodegassimbolo.com\/tienda\/wp-json\/wp\/v2\/media?parent=1305"}],"wp:term":[{"taxonomy":"product_cat","embeddable":true,"href":"https:\/\/bodegassimbolo.com\/tienda\/wp-json\/wp\/v2\/product_cat?post=1305"},{"taxonomy":"product_tag","embeddable":true,"href":"https:\/\/bodegassimbolo.com\/tienda\/wp-json\/wp\/v2\/product_tag?post=1305"}],"curies":[{"name":"wp","href":"https:\/\/api.w.org\/{rel}","templated":true}]}}