{"id":1384,"date":"2017-03-29T17:02:15","date_gmt":"2017-03-29T17:02:15","guid":{"rendered":"http:\/\/bodegassimbolo.com\/tienda\/?post_type=product&#038;p=1384"},"modified":"2025-12-01T09:04:45","modified_gmt":"2025-12-01T08:04:45","slug":"el-burlador-vermut-neos","status":"publish","type":"product","link":"https:\/\/bodegassimbolo.com\/tienda\/producto\/el-burlador-vermut-neos\/","title":{"rendered":"El Burlador Vermut Frasca &#8211; Caja 6 und"},"content":{"rendered":"<p>Vermut en frasca especial y limitada. Graduaci\u00f3n alcoh\u00f3lica de 15. De color ocre, con aromas de hierbas debido a su maceraci\u00f3n, as\u00ed como notas dulces de pasas e higos. En boca es dulce y redondo. Postgusto agradable y persistente.<\/p>\n<div class=\"fusion-button-wrapper\"><style>.fusion-body .fusion-button.button-1{border-radius:4px 4px 4px 4px;}<\/style><a class=\"fusion-button button-flat fusion-button-default-size button-default button-1 fusion-button-default-span fusion-button-default-type\" target=\"_blank\" rel=\"noopener noreferrer\" href=\"https:\/\/bodegassimbolo.com\/vinos\/vermut-el-burlador-frasca\/\"><span class=\"fusion-button-text\">M\u00e1s Informaci\u00f3n<\/span><\/a><\/div>\n","protected":false},"excerpt":{"rendered":"<p>Vermut con graduaci\u00f3n alcoh\u00f3lica de 15. De color ocre.<\/p>\n[fusion_button link=\"https:\/\/bodegassimbolo.com\/vinos\/vermut-el-burlador-frasca\/\" text_transform=\"\" title=\"\" target=\"_blank\" link_attributes=\"\" alignment_medium=\"\" alignment_small=\"\" alignment=\"\" modal=\"\" hide_on_mobile=\"small-visibility,medium-visibility,large-visibility\" sticky_display=\"normal,sticky\" class=\"\" id=\"\" color=\"default\" button_gradient_top_color=\"\" button_gradient_bottom_color=\"\" button_gradient_top_color_hover=\"\" button_gradient_bottom_color_hover=\"\" accent_color=\"\" accent_hover_color=\"\" type=\"\" bevel_color=\"\" border_width=\"\" border_radius=\"\" border_color=\"\" border_hover_color=\"\" size=\"\" stretch=\"default\" margin_top=\"\" margin_right=\"\" margin_bottom=\"\" margin_left=\"\" icon=\"\" icon_position=\"left\" icon_divider=\"no\" animation_type=\"\" animation_direction=\"left\" animation_speed=\"0.3\" animation_offset=\"\"]M\u00e1s Informaci\u00f3n[\/fusion_button]\n<p>&nbsp;<\/p>\n<p><strong><img decoding=\"async\" class=\"alignnone wp-image-2132\" src=\"http:\/\/bodegassimbolo.com\/tienda\/wp-content\/uploads\/2017\/03\/Diseno-sin-titulo-6-150x150.png\" alt=\"\" width=\"36\" height=\"36\" srcset=\"https:\/\/bodegassimbolo.com\/tienda\/wp-content\/uploads\/2017\/03\/Diseno-sin-titulo-6-66x66.png 66w, https:\/\/bodegassimbolo.com\/tienda\/wp-content\/uploads\/2017\/03\/Diseno-sin-titulo-6-150x150.png 150w, https:\/\/bodegassimbolo.com\/tienda\/wp-content\/uploads\/2017\/03\/Diseno-sin-titulo-6-200x200.png 200w, https:\/\/bodegassimbolo.com\/tienda\/wp-content\/uploads\/2017\/03\/Diseno-sin-titulo-6.png 236w\" sizes=\"(max-width: 36px) 100vw, 36px\" \/>Categor\u00eda:<\/strong> Vermut<\/p>\n<p><img decoding=\"async\" class=\"alignnone wp-image-2125\" src=\"http:\/\/bodegassimbolo.com\/tienda\/wp-content\/uploads\/2017\/03\/Diseno-sin-titulo-1-150x150.png\" alt=\"\" width=\"36\" height=\"36\" srcset=\"https:\/\/bodegassimbolo.com\/tienda\/wp-content\/uploads\/2017\/03\/Diseno-sin-titulo-1-66x66.png 66w, https:\/\/bodegassimbolo.com\/tienda\/wp-content\/uploads\/2017\/03\/Diseno-sin-titulo-1-150x150.png 150w, https:\/\/bodegassimbolo.com\/tienda\/wp-content\/uploads\/2017\/03\/Diseno-sin-titulo-1-200x200.png 200w, https:\/\/bodegassimbolo.com\/tienda\/wp-content\/uploads\/2017\/03\/Diseno-sin-titulo-1.png 236w\" sizes=\"(max-width: 36px) 100vw, 36px\" \/><strong>Nota<\/strong><strong>\u00a0de cata:<\/strong> Aroma a hierbas con cierto punto de dulzor<\/p>\n<p><img decoding=\"async\" class=\"alignnone wp-image-2130\" src=\"http:\/\/bodegassimbolo.com\/tienda\/wp-content\/uploads\/2017\/03\/Diseno-sin-titulo-2-150x150.png\" alt=\"\" width=\"36\" height=\"36\" srcset=\"https:\/\/bodegassimbolo.com\/tienda\/wp-content\/uploads\/2017\/03\/Diseno-sin-titulo-2-66x66.png 66w, https:\/\/bodegassimbolo.com\/tienda\/wp-content\/uploads\/2017\/03\/Diseno-sin-titulo-2-150x150.png 150w, https:\/\/bodegassimbolo.com\/tienda\/wp-content\/uploads\/2017\/03\/Diseno-sin-titulo-2-200x200.png 200w, https:\/\/bodegassimbolo.com\/tienda\/wp-content\/uploads\/2017\/03\/Diseno-sin-titulo-2.png 236w\" sizes=\"(max-width: 36px) 100vw, 36px\" \/><strong>Graduaci\u00f3n:\u00a0<\/strong>15%<\/p>\n<p><img decoding=\"async\" class=\"alignnone wp-image-2129\" src=\"http:\/\/bodegassimbolo.com\/tienda\/wp-content\/uploads\/2017\/03\/Diseno-sin-titulo-3-150x150.png\" alt=\"\" width=\"36\" height=\"36\" srcset=\"https:\/\/bodegassimbolo.com\/tienda\/wp-content\/uploads\/2017\/03\/Diseno-sin-titulo-3-66x66.png 66w, https:\/\/bodegassimbolo.com\/tienda\/wp-content\/uploads\/2017\/03\/Diseno-sin-titulo-3-150x150.png 150w, https:\/\/bodegassimbolo.com\/tienda\/wp-content\/uploads\/2017\/03\/Diseno-sin-titulo-3-200x200.png 200w, https:\/\/bodegassimbolo.com\/tienda\/wp-content\/uploads\/2017\/03\/Diseno-sin-titulo-3.png 236w\" sizes=\"(max-width: 36px) 100vw, 36px\" \/><strong>Temperatura de servicio:<\/strong> 8\u00baC &#8211; 10\u00baC<\/p>\n<p><img decoding=\"async\" class=\"alignnone wp-image-2127\" src=\"http:\/\/bodegassimbolo.com\/tienda\/wp-content\/uploads\/2017\/03\/Diseno-sin-titulo-5-150x150.png\" alt=\"\" width=\"36\" height=\"36\" srcset=\"https:\/\/bodegassimbolo.com\/tienda\/wp-content\/uploads\/2017\/03\/Diseno-sin-titulo-5-66x66.png 66w, https:\/\/bodegassimbolo.com\/tienda\/wp-content\/uploads\/2017\/03\/Diseno-sin-titulo-5-150x150.png 150w, https:\/\/bodegassimbolo.com\/tienda\/wp-content\/uploads\/2017\/03\/Diseno-sin-titulo-5-200x200.png 200w, https:\/\/bodegassimbolo.com\/tienda\/wp-content\/uploads\/2017\/03\/Diseno-sin-titulo-5.png 236w\" sizes=\"(max-width: 36px) 100vw, 36px\" \/><strong>Formato:<\/strong> Botella de 75 cl<\/p>\n<p><img decoding=\"async\" class=\"alignnone wp-image-2271\" src=\"http:\/\/bodegassimbolo.com\/tienda\/wp-content\/uploads\/2017\/03\/iconos-tienda-online-150x150.png\" alt=\"\" width=\"36\" height=\"36\" srcset=\"https:\/\/bodegassimbolo.com\/tienda\/wp-content\/uploads\/2017\/03\/iconos-tienda-online-66x66.png 66w, https:\/\/bodegassimbolo.com\/tienda\/wp-content\/uploads\/2017\/03\/iconos-tienda-online-150x150.png 150w, https:\/\/bodegassimbolo.com\/tienda\/wp-content\/uploads\/2017\/03\/iconos-tienda-online-200x200.png 200w, https:\/\/bodegassimbolo.com\/tienda\/wp-content\/uploads\/2017\/03\/iconos-tienda-online.png 236w\" sizes=\"(max-width: 36px) 100vw, 36px\" \/><strong>Premios:\u00a0<\/strong><\/p>\n<ul>\n<li>Medalla de Plata &#8211; VII Concurso Nacional de Vinos de Espa\u00f1a en 2025<\/li>\n<\/ul>\n<ul>\n<li>Medalla de Plata &#8211; Concurso Internacional Bacchus en 2023<\/li>\n<\/ul>\n<p><img decoding=\"async\" class=\"alignnone wp-image-2557 \" src=\"http:\/\/bodegassimbolo.com\/tienda\/wp-content\/uploads\/2017\/03\/iconos-tienda-online-1-150x150.png\" alt=\"\" width=\"35\" height=\"35\" srcset=\"https:\/\/bodegassimbolo.com\/tienda\/wp-content\/uploads\/2017\/03\/iconos-tienda-online-1-66x66.png 66w, https:\/\/bodegassimbolo.com\/tienda\/wp-content\/uploads\/2017\/03\/iconos-tienda-online-1-150x150.png 150w, https:\/\/bodegassimbolo.com\/tienda\/wp-content\/uploads\/2017\/03\/iconos-tienda-online-1-200x200.png 200w, https:\/\/bodegassimbolo.com\/tienda\/wp-content\/uploads\/2017\/03\/iconos-tienda-online-1.png 236w\" sizes=\"(max-width: 35px) 100vw, 35px\" \/><strong>Valor energ\u00e9tico:<\/strong> E (por 100ml) = 635kJ \/ 152kcal<\/p>\n[fusion_button link=\"http:\/\/bodegassimbolo.com\/tienda\/wp-content\/uploads\/2023\/11\/Valor-nutricional-Vermut.pdf\" text_transform=\"\" title=\"\" target=\"_blank\" link_attributes=\"\" alignment_medium=\"\" alignment_small=\"\" alignment=\"\" modal=\"\" hide_on_mobile=\"small-visibility,medium-visibility,large-visibility\" sticky_display=\"normal,sticky\" class=\"\" id=\"\" color=\"default\" button_gradient_top_color=\"\" button_gradient_bottom_color=\"\" button_gradient_top_color_hover=\"\" button_gradient_bottom_color_hover=\"\" accent_color=\"\" accent_hover_color=\"\" type=\"\" bevel_color=\"\" border_width=\"\" border_radius=\"\" border_color=\"\" border_hover_color=\"\" size=\"\" stretch=\"default\" margin_top=\"\" margin_right=\"\" margin_bottom=\"\" margin_left=\"\" icon=\"\" icon_position=\"left\" icon_divider=\"no\" animation_type=\"\" animation_direction=\"left\" animation_speed=\"0.3\" animation_offset=\"\"]M\u00e1s informaci\u00f3n de ingredientes y tabla nutricional[\/fusion_button]\n","protected":false},"featured_media":2155,"comment_status":"open","ping_status":"closed","template":"","meta":[],"product_cat":[57,64],"product_tag":[],"_links":{"self":[{"href":"https:\/\/bodegassimbolo.com\/tienda\/wp-json\/wp\/v2\/product\/1384"}],"collection":[{"href":"https:\/\/bodegassimbolo.com\/tienda\/wp-json\/wp\/v2\/product"}],"about":[{"href":"https:\/\/bodegassimbolo.com\/tienda\/wp-json\/wp\/v2\/types\/product"}],"replies":[{"embeddable":true,"href":"https:\/\/bodegassimbolo.com\/tienda\/wp-json\/wp\/v2\/comments?post=1384"}],"wp:featuredmedia":[{"embeddable":true,"href":"https:\/\/bodegassimbolo.com\/tienda\/wp-json\/wp\/v2\/media\/2155"}],"wp:attachment":[{"href":"https:\/\/bodegassimbolo.com\/tienda\/wp-json\/wp\/v2\/media?parent=1384"}],"wp:term":[{"taxonomy":"product_cat","embeddable":true,"href":"https:\/\/bodegassimbolo.com\/tienda\/wp-json\/wp\/v2\/product_cat?post=1384"},{"taxonomy":"product_tag","embeddable":true,"href":"https:\/\/bodegassimbolo.com\/tienda\/wp-json\/wp\/v2\/product_tag?post=1384"}],"curies":[{"name":"wp","href":"https:\/\/api.w.org\/{rel}","templated":true}]}}