{"id":1720,"date":"2020-08-17T14:19:55","date_gmt":"2020-08-17T14:19:55","guid":{"rendered":"http:\/\/bodegassimbolo.com\/tienda\/?post_type=product&#038;p=1720"},"modified":"2025-01-21T10:20:09","modified_gmt":"2025-01-21T09:20:09","slug":"el-burlador-vermut-garrafa-5l","status":"publish","type":"product","link":"https:\/\/bodegassimbolo.com\/tienda\/producto\/el-burlador-vermut-garrafa-5l\/","title":{"rendered":"El Burlador Vermut &#8211; GARRAFA 5L. (CAJA DE 3 UNIDADES)"},"content":{"rendered":"<p>Vermut con graduaci\u00f3n alcoh\u00f3lica de 15. De color ocre, con aromas de hierbas debido a su maceraci\u00f3n, as\u00ed como notas dulces de pasas e higos. En boca es dulce y redondo. Postgusto agradable y persistente.<\/p>\n","protected":false},"excerpt":{"rendered":"<p>Vermut con graduaci\u00f3n alcoh\u00f3lica de 15. De color ocre, con aromas de hierbas debido a su maceraci\u00f3n, as\u00ed como notas dulces de pasas e higos. En boca es dulce y redondo. Postgusto agradable y persistente.<\/p>\n<p><img decoding=\"async\" class=\"alignnone wp-image-2557 \" src=\"http:\/\/bodegassimbolo.com\/tienda\/wp-content\/uploads\/2017\/03\/iconos-tienda-online-1-150x150.png\" alt=\"\" width=\"35\" height=\"35\" srcset=\"https:\/\/bodegassimbolo.com\/tienda\/wp-content\/uploads\/2017\/03\/iconos-tienda-online-1-66x66.png 66w, https:\/\/bodegassimbolo.com\/tienda\/wp-content\/uploads\/2017\/03\/iconos-tienda-online-1-150x150.png 150w, https:\/\/bodegassimbolo.com\/tienda\/wp-content\/uploads\/2017\/03\/iconos-tienda-online-1-200x200.png 200w, https:\/\/bodegassimbolo.com\/tienda\/wp-content\/uploads\/2017\/03\/iconos-tienda-online-1.png 236w\" sizes=\"(max-width: 35px) 100vw, 35px\" \/><strong>Valor energ\u00e9tico:<\/strong> E (por 100ml) = 635kJ \/ 152kcal<\/p>\n[fusion_button link=\"http:\/\/bodegassimbolo.com\/tienda\/wp-content\/uploads\/2023\/11\/Valor-nutricional-Vermut.pdf\" text_transform=\"\" title=\"\" target=\"_blank\" link_attributes=\"\" alignment_medium=\"\" alignment_small=\"\" alignment=\"\" modal=\"\" hide_on_mobile=\"small-visibility,medium-visibility,large-visibility\" sticky_display=\"normal,sticky\" class=\"\" id=\"\" color=\"default\" button_gradient_top_color=\"\" button_gradient_bottom_color=\"\" button_gradient_top_color_hover=\"\" button_gradient_bottom_color_hover=\"\" accent_color=\"\" accent_hover_color=\"\" type=\"\" bevel_color=\"\" border_width=\"\" border_radius=\"\" border_color=\"\" border_hover_color=\"\" size=\"\" stretch=\"default\" margin_top=\"\" margin_right=\"\" margin_bottom=\"\" margin_left=\"\" icon=\"\" icon_position=\"left\" icon_divider=\"no\" animation_type=\"\" animation_direction=\"left\" animation_speed=\"0.3\" animation_offset=\"\"]M\u00e1s informaci\u00f3n de ingredientes y tabla nutricional[\/fusion_button]\n","protected":false},"featured_media":1721,"comment_status":"open","ping_status":"closed","template":"","meta":[],"product_cat":[82],"product_tag":[],"_links":{"self":[{"href":"https:\/\/bodegassimbolo.com\/tienda\/wp-json\/wp\/v2\/product\/1720"}],"collection":[{"href":"https:\/\/bodegassimbolo.com\/tienda\/wp-json\/wp\/v2\/product"}],"about":[{"href":"https:\/\/bodegassimbolo.com\/tienda\/wp-json\/wp\/v2\/types\/product"}],"replies":[{"embeddable":true,"href":"https:\/\/bodegassimbolo.com\/tienda\/wp-json\/wp\/v2\/comments?post=1720"}],"wp:featuredmedia":[{"embeddable":true,"href":"https:\/\/bodegassimbolo.com\/tienda\/wp-json\/wp\/v2\/media\/1721"}],"wp:attachment":[{"href":"https:\/\/bodegassimbolo.com\/tienda\/wp-json\/wp\/v2\/media?parent=1720"}],"wp:term":[{"taxonomy":"product_cat","embeddable":true,"href":"https:\/\/bodegassimbolo.com\/tienda\/wp-json\/wp\/v2\/product_cat?post=1720"},{"taxonomy":"product_tag","embeddable":true,"href":"https:\/\/bodegassimbolo.com\/tienda\/wp-json\/wp\/v2\/product_tag?post=1720"}],"curies":[{"name":"wp","href":"https:\/\/api.w.org\/{rel}","templated":true}]}}