{"id":2268,"date":"2022-05-25T14:35:38","date_gmt":"2022-05-25T12:35:38","guid":{"rendered":"https:\/\/bodegassimbolo.com\/tienda\/?post_type=product&#038;p=2268"},"modified":"2025-12-01T08:23:36","modified_gmt":"2025-12-01T07:23:36","slug":"burbrujas-caja-6-und","status":"publish","type":"product","link":"https:\/\/bodegassimbolo.com\/tienda\/producto\/burbrujas-caja-6-und\/","title":{"rendered":"BurBrujas- Caja 6 und"},"content":{"rendered":"<p style=\"text-align: justify;\">Vino blanco espumoso dulce gasificado, con un grado alcoh\u00f3lico de 9\u00ba. Variedad Chardonnay. De color amarillo con reflejos dorados, brillante. Burbujas finas y homog\u00e9neas.<\/p>\n<p>Nariz intensa y perfumada, con aroma a manzana verde, melocot\u00f3n y frutas tropicales con notas c\u00edtricas. En boca resalta su dulzor apoy\u00e1ndose en una buena acidez, este vino est\u00e1 dotado de un gran equilibrio y posee un largo final fresco y arom\u00e1tico.<\/p>\n<p>Este vino dulce marida a la perfecci\u00f3n con cualquier aperitivo, foie, marisco, quesos fuertes y platos dulces.<\/p>\n<p>BurBrujas nace con la intenci\u00f3n y la fuerza de homenajear a la mujer valiente y trabajadora, a la mujer que indirecta o directamente se ha dedicado, se dedica o se dedicar\u00e1 al sector agrario y a la agricultura,\u00a0 pero tambi\u00e9n a todos los hombres que han estado a su lado todo este tiempo.<\/p>\n<div class=\"cxmmr5t8 oygrvhab hcukyx3x c1et5uql o9v6fnle\">\u00a0Si nos remontamos a tiempos pasados, las brujas no eran mujeres feas ni malas (como las describe la literatura normalmente) si no que destacaban por sus amplios conocimientos en ciencia, alquimia y medicina entre otros muchos temas. Con BurBrujas, Bodegas S\u00edmbolo ha querido resaltar ese papel de mujeres inteligentes, mujeres valientes, mujeres unidas , pero sobre todo mujeres que han dado (y dar\u00e1n) el paso para cambiar lo que hasta en su momento era salirse del patr\u00f3n marcado por una sociedad masculinizada, siempre en busca de la igualdad.<\/div>\n<div class=\"fusion-button-wrapper\"><style>.fusion-body .fusion-button.button-1{border-radius:4px 4px 4px 4px;}<\/style><a class=\"fusion-button button-flat fusion-button-default-size button-default button-1 fusion-button-default-span fusion-button-default-type\" target=\"_blank\" rel=\"noopener noreferrer\"><span class=\"fusion-button-text\">M\u00e1s Informaci\u00f3n<\/span><\/a><\/div>\n","protected":false},"excerpt":{"rendered":"<p style=\"text-align: justify;\">Vino blanco espumoso dulce gasificado, con un grado alcoh\u00f3lico de 9\u00ba. Variedad Chardonnay. De color amarillo con reflejos dorados, brillante. Burbujas finas y homog\u00e9neas.<\/p>\n[fusion_button link=\"<a href=\"https:\/\/bodegassimbolo.com\/vinos\/burbrujas\/\">http:\/\/bodegassimbolo.com\/vinos\/burbrujas\/<\/a>\" text_transform=\"\" title=\"\" target=\"_blank\" link_attributes=\"\" alignment_medium=\"\" alignment_small=\"\" alignment=\"\" modal=\"\" hide_on_mobile=\"small-visibility,medium-visibility,large-visibility\" sticky_display=\"normal,sticky\" class=\"\" id=\"\" color=\"default\" button_gradient_top_color=\"\" button_gradient_bottom_color=\"\" button_gradient_top_color_hover=\"\" button_gradient_bottom_color_hover=\"\" accent_color=\"\" accent_hover_color=\"\" type=\"\" bevel_color=\"\" border_width=\"\" border_radius=\"\" border_color=\"\" border_hover_color=\"\" size=\"\" stretch=\"default\" margin_top=\"\" margin_right=\"\" margin_bottom=\"\" margin_left=\"\" icon=\"\" icon_position=\"left\" icon_divider=\"no\" animation_type=\"\" animation_direction=\"left\" animation_speed=\"0.3\" animation_offset=\"\"]M\u00e1s Informaci\u00f3n[\/fusion_button]\n<p><img decoding=\"async\" class=\"alignnone wp-image-2126\" src=\"http:\/\/bodegassimbolo.com\/tienda\/wp-content\/uploads\/2017\/03\/Diseno-sin-titulo-150x150.png\" alt=\"\" width=\"36\" height=\"36\" srcset=\"https:\/\/bodegassimbolo.com\/tienda\/wp-content\/uploads\/2017\/03\/Diseno-sin-titulo-66x66.png 66w, https:\/\/bodegassimbolo.com\/tienda\/wp-content\/uploads\/2017\/03\/Diseno-sin-titulo-150x150.png 150w, https:\/\/bodegassimbolo.com\/tienda\/wp-content\/uploads\/2017\/03\/Diseno-sin-titulo-200x200.png 200w, https:\/\/bodegassimbolo.com\/tienda\/wp-content\/uploads\/2017\/03\/Diseno-sin-titulo.png 236w\" sizes=\"(max-width: 36px) 100vw, 36px\" \/><strong>Variedad de uva:<\/strong> 100% Chardonnay<\/p>\n<p><strong><img decoding=\"async\" class=\"alignnone wp-image-2132\" src=\"http:\/\/bodegassimbolo.com\/tienda\/wp-content\/uploads\/2017\/03\/Diseno-sin-titulo-6-150x150.png\" alt=\"\" width=\"36\" height=\"36\" srcset=\"https:\/\/bodegassimbolo.com\/tienda\/wp-content\/uploads\/2017\/03\/Diseno-sin-titulo-6-66x66.png 66w, https:\/\/bodegassimbolo.com\/tienda\/wp-content\/uploads\/2017\/03\/Diseno-sin-titulo-6-150x150.png 150w, https:\/\/bodegassimbolo.com\/tienda\/wp-content\/uploads\/2017\/03\/Diseno-sin-titulo-6-200x200.png 200w, https:\/\/bodegassimbolo.com\/tienda\/wp-content\/uploads\/2017\/03\/Diseno-sin-titulo-6.png 236w\" sizes=\"(max-width: 36px) 100vw, 36px\" \/>Tipo de vino:<\/strong> Blanco espumoso dulce gasificado<\/p>\n<p><img decoding=\"async\" class=\"alignnone wp-image-2125\" src=\"http:\/\/bodegassimbolo.com\/tienda\/wp-content\/uploads\/2017\/03\/Diseno-sin-titulo-1-150x150.png\" alt=\"\" width=\"36\" height=\"36\" srcset=\"https:\/\/bodegassimbolo.com\/tienda\/wp-content\/uploads\/2017\/03\/Diseno-sin-titulo-1-66x66.png 66w, https:\/\/bodegassimbolo.com\/tienda\/wp-content\/uploads\/2017\/03\/Diseno-sin-titulo-1-150x150.png 150w, https:\/\/bodegassimbolo.com\/tienda\/wp-content\/uploads\/2017\/03\/Diseno-sin-titulo-1-200x200.png 200w, https:\/\/bodegassimbolo.com\/tienda\/wp-content\/uploads\/2017\/03\/Diseno-sin-titulo-1.png 236w\" sizes=\"(max-width: 36px) 100vw, 36px\" \/><strong>Nota<\/strong><strong>\u00a0de cata:<\/strong> Dulce, con aromas y sabor fresco.<\/p>\n<p><img decoding=\"async\" class=\"alignnone wp-image-2130\" src=\"http:\/\/bodegassimbolo.com\/tienda\/wp-content\/uploads\/2017\/03\/Diseno-sin-titulo-2-150x150.png\" alt=\"\" width=\"36\" height=\"36\" srcset=\"https:\/\/bodegassimbolo.com\/tienda\/wp-content\/uploads\/2017\/03\/Diseno-sin-titulo-2-66x66.png 66w, https:\/\/bodegassimbolo.com\/tienda\/wp-content\/uploads\/2017\/03\/Diseno-sin-titulo-2-150x150.png 150w, https:\/\/bodegassimbolo.com\/tienda\/wp-content\/uploads\/2017\/03\/Diseno-sin-titulo-2-200x200.png 200w, https:\/\/bodegassimbolo.com\/tienda\/wp-content\/uploads\/2017\/03\/Diseno-sin-titulo-2.png 236w\" sizes=\"(max-width: 36px) 100vw, 36px\" \/><strong>Graduaci\u00f3n: <\/strong>9%<\/p>\n<p><img decoding=\"async\" class=\"alignnone wp-image-2129\" src=\"http:\/\/bodegassimbolo.com\/tienda\/wp-content\/uploads\/2017\/03\/Diseno-sin-titulo-3-150x150.png\" alt=\"\" width=\"36\" height=\"36\" srcset=\"https:\/\/bodegassimbolo.com\/tienda\/wp-content\/uploads\/2017\/03\/Diseno-sin-titulo-3-66x66.png 66w, https:\/\/bodegassimbolo.com\/tienda\/wp-content\/uploads\/2017\/03\/Diseno-sin-titulo-3-150x150.png 150w, https:\/\/bodegassimbolo.com\/tienda\/wp-content\/uploads\/2017\/03\/Diseno-sin-titulo-3-200x200.png 200w, https:\/\/bodegassimbolo.com\/tienda\/wp-content\/uploads\/2017\/03\/Diseno-sin-titulo-3.png 236w\" sizes=\"(max-width: 36px) 100vw, 36px\" \/><strong>Temperatura de servicio:<\/strong> 4\u00baC &#8211; 6\u00baC<\/p>\n<p><img decoding=\"async\" class=\"alignnone wp-image-2127\" src=\"http:\/\/bodegassimbolo.com\/tienda\/wp-content\/uploads\/2017\/03\/Diseno-sin-titulo-5-150x150.png\" alt=\"\" width=\"36\" height=\"36\" srcset=\"https:\/\/bodegassimbolo.com\/tienda\/wp-content\/uploads\/2017\/03\/Diseno-sin-titulo-5-66x66.png 66w, https:\/\/bodegassimbolo.com\/tienda\/wp-content\/uploads\/2017\/03\/Diseno-sin-titulo-5-150x150.png 150w, https:\/\/bodegassimbolo.com\/tienda\/wp-content\/uploads\/2017\/03\/Diseno-sin-titulo-5-200x200.png 200w, https:\/\/bodegassimbolo.com\/tienda\/wp-content\/uploads\/2017\/03\/Diseno-sin-titulo-5.png 236w\" sizes=\"(max-width: 36px) 100vw, 36px\" \/><strong>Formato:<\/strong> Botella de 75 cl<\/p>\n<p><img decoding=\"async\" class=\"alignnone wp-image-2271\" src=\"http:\/\/bodegassimbolo.com\/tienda\/wp-content\/uploads\/2017\/03\/iconos-tienda-online-150x150.png\" alt=\"\" width=\"36\" height=\"36\" srcset=\"https:\/\/bodegassimbolo.com\/tienda\/wp-content\/uploads\/2017\/03\/iconos-tienda-online-66x66.png 66w, https:\/\/bodegassimbolo.com\/tienda\/wp-content\/uploads\/2017\/03\/iconos-tienda-online-150x150.png 150w, https:\/\/bodegassimbolo.com\/tienda\/wp-content\/uploads\/2017\/03\/iconos-tienda-online-200x200.png 200w, https:\/\/bodegassimbolo.com\/tienda\/wp-content\/uploads\/2017\/03\/iconos-tienda-online.png 236w\" sizes=\"(max-width: 36px) 100vw, 36px\" \/><strong>Premios:\u00a0<\/strong><\/p>\n<ul>\n<li>Medalla de Plata &#8211; Premios Bombo de Tomelloso 2025<\/li>\n<\/ul>\n<p><img decoding=\"async\" class=\"alignnone wp-image-2557 \" src=\"http:\/\/bodegassimbolo.com\/tienda\/wp-content\/uploads\/2017\/03\/iconos-tienda-online-1-150x150.png\" alt=\"\" width=\"35\" height=\"35\" srcset=\"https:\/\/bodegassimbolo.com\/tienda\/wp-content\/uploads\/2017\/03\/iconos-tienda-online-1-66x66.png 66w, https:\/\/bodegassimbolo.com\/tienda\/wp-content\/uploads\/2017\/03\/iconos-tienda-online-1-150x150.png 150w, https:\/\/bodegassimbolo.com\/tienda\/wp-content\/uploads\/2017\/03\/iconos-tienda-online-1-200x200.png 200w, https:\/\/bodegassimbolo.com\/tienda\/wp-content\/uploads\/2017\/03\/iconos-tienda-online-1.png 236w\" sizes=\"(max-width: 35px) 100vw, 35px\" \/><strong>Valor energ\u00e9tico:<\/strong> E (por 100ml) = 366kJ \/ 88kcal<\/p>\n[fusion_button link=\"http:\/\/bodegassimbolo.com\/tienda\/wp-content\/uploads\/2023\/11\/Valor-nutricional-BurBrujas.pdf\" text_transform=\"\" title=\"\" target=\"_blank\" link_attributes=\"\" alignment_medium=\"\" alignment_small=\"\" alignment=\"\" modal=\"\" hide_on_mobile=\"small-visibility,medium-visibility,large-visibility\" sticky_display=\"normal,sticky\" class=\"\" id=\"\" color=\"default\" button_gradient_top_color=\"\" button_gradient_bottom_color=\"\" button_gradient_top_color_hover=\"\" button_gradient_bottom_color_hover=\"\" accent_color=\"\" accent_hover_color=\"\" type=\"\" bevel_color=\"\" border_width=\"\" border_radius=\"\" border_color=\"\" border_hover_color=\"\" size=\"\" stretch=\"default\" margin_top=\"\" margin_right=\"\" margin_bottom=\"\" margin_left=\"\" icon=\"\" icon_position=\"left\" icon_divider=\"no\" animation_type=\"\" animation_direction=\"left\" animation_speed=\"0.3\" animation_offset=\"\"]M\u00e1s informaci\u00f3n de ingredientes y tabla nutricional[\/fusion_button]\n","protected":false},"featured_media":2915,"comment_status":"open","ping_status":"closed","template":"","meta":[],"product_cat":[87,59,60],"product_tag":[],"_links":{"self":[{"href":"https:\/\/bodegassimbolo.com\/tienda\/wp-json\/wp\/v2\/product\/2268"}],"collection":[{"href":"https:\/\/bodegassimbolo.com\/tienda\/wp-json\/wp\/v2\/product"}],"about":[{"href":"https:\/\/bodegassimbolo.com\/tienda\/wp-json\/wp\/v2\/types\/product"}],"replies":[{"embeddable":true,"href":"https:\/\/bodegassimbolo.com\/tienda\/wp-json\/wp\/v2\/comments?post=2268"}],"wp:featuredmedia":[{"embeddable":true,"href":"https:\/\/bodegassimbolo.com\/tienda\/wp-json\/wp\/v2\/media\/2915"}],"wp:attachment":[{"href":"https:\/\/bodegassimbolo.com\/tienda\/wp-json\/wp\/v2\/media?parent=2268"}],"wp:term":[{"taxonomy":"product_cat","embeddable":true,"href":"https:\/\/bodegassimbolo.com\/tienda\/wp-json\/wp\/v2\/product_cat?post=2268"},{"taxonomy":"product_tag","embeddable":true,"href":"https:\/\/bodegassimbolo.com\/tienda\/wp-json\/wp\/v2\/product_tag?post=2268"}],"curies":[{"name":"wp","href":"https:\/\/api.w.org\/{rel}","templated":true}]}}