{"id":2370,"date":"2022-10-02T10:33:18","date_gmt":"2022-10-02T08:33:18","guid":{"rendered":"https:\/\/bodegassimbolo.com\/tienda\/?post_type=product&#038;p=2370"},"modified":"2025-12-01T08:37:56","modified_gmt":"2025-12-01T07:37:56","slug":"lote-blancos-jovenes-2024-caja-6-und","status":"publish","type":"product","link":"https:\/\/bodegassimbolo.com\/tienda\/producto\/lote-blancos-jovenes-2024-caja-6-und\/","title":{"rendered":"Lote blancos j\u00f3venes 2024 &#8211; Caja 6 und"},"content":{"rendered":"<p>2 botellas de S\u00edmbolo Air\u00e9n 2025<\/p>\n<p>2 botella de S\u00edmbolo Verdejo 2025<\/p>\n<p>2 botella de S\u00edmbolo Moscatel 2025<\/p>\n","protected":false},"excerpt":{"rendered":"<p>2 botellas de S\u00edmbolo Air\u00e9n 2025<\/p>\n<p>2 botella de S\u00edmbolo Verdejo 2025<\/p>\n<p>2 botella de S\u00edmbolo Moscatel 2025<\/p>\n","protected":false},"featured_media":2707,"comment_status":"open","ping_status":"closed","template":"","meta":[],"product_cat":[66],"product_tag":[],"_links":{"self":[{"href":"https:\/\/bodegassimbolo.com\/tienda\/wp-json\/wp\/v2\/product\/2370"}],"collection":[{"href":"https:\/\/bodegassimbolo.com\/tienda\/wp-json\/wp\/v2\/product"}],"about":[{"href":"https:\/\/bodegassimbolo.com\/tienda\/wp-json\/wp\/v2\/types\/product"}],"replies":[{"embeddable":true,"href":"https:\/\/bodegassimbolo.com\/tienda\/wp-json\/wp\/v2\/comments?post=2370"}],"wp:featuredmedia":[{"embeddable":true,"href":"https:\/\/bodegassimbolo.com\/tienda\/wp-json\/wp\/v2\/media\/2707"}],"wp:attachment":[{"href":"https:\/\/bodegassimbolo.com\/tienda\/wp-json\/wp\/v2\/media?parent=2370"}],"wp:term":[{"taxonomy":"product_cat","embeddable":true,"href":"https:\/\/bodegassimbolo.com\/tienda\/wp-json\/wp\/v2\/product_cat?post=2370"},{"taxonomy":"product_tag","embeddable":true,"href":"https:\/\/bodegassimbolo.com\/tienda\/wp-json\/wp\/v2\/product_tag?post=2370"}],"curies":[{"name":"wp","href":"https:\/\/api.w.org\/{rel}","templated":true}]}}