{"id":2736,"date":"2024-10-08T08:55:15","date_gmt":"2024-10-08T06:55:15","guid":{"rendered":"https:\/\/bodegassimbolo.com\/tienda\/?post_type=product&#038;p=2736"},"modified":"2025-05-22T16:22:49","modified_gmt":"2025-05-22T14:22:49","slug":"simbolo-reserva-caja-6-und","status":"publish","type":"product","link":"https:\/\/bodegassimbolo.com\/tienda\/producto\/simbolo-reserva-caja-6-und\/","title":{"rendered":"S\u00edmbolo Reserva &#8211; Caja 6 und"},"content":{"rendered":"<p>Vino D.O. La Mancha, envejecido 12 meses en barrica de roble franc\u00e9s, variedad tempranillo, con un grado alcoh\u00f3lico de 14. A\u00f1ada 2018. De intenso color cereza con leves tonos granates. En aroma es complejo, equilibrado, con aromas varietales a fresa, frutos rojos madu- ros y cierto toque a regaliz, adem\u00e1s de los propios de la barrica, tostado, caf\u00e9, cacao y aceite de cedro. En boca se presenta voluminoso, con un tanino redondo, sedoso, y un posgusto agradable y duradero. Ideal para acompa\u00f1ar carnes rojas, carnes de caza, platos a la brasa y quesos curados.<\/p>\n<div class=\"fusion-button-wrapper\"><style>.fusion-body .fusion-button.button-1{border-radius:4px 4px 4px 4px;}<\/style><a class=\"fusion-button button-flat fusion-button-default-size button-default button-1 fusion-button-default-span fusion-button-default-type\" target=\"_blank\" rel=\"noopener noreferrer\" href=\"https:\/\/bodegassimbolo.com\/vinos\/simbolo-reserva\/\"><span class=\"fusion-button-text\">M\u00e1s Informaci\u00f3n<\/span><\/a><\/div>\n","protected":false},"excerpt":{"rendered":"<p>Vino D.O. La Mancha, envejecido 12 meses en barrica de roble franc\u00e9s, variedad tempranillo, con un grado alcoh\u00f3lico de 14. A\u00f1ada 2018. De intenso color cereza con leves tonos granates.<\/p>\n[fusion_button link=\"https:\/\/bodegassimbolo.com\/vinos\/simbolo-reserva\/\" text_transform=\"\" title=\"\" target=\"_blank\" link_attributes=\"\" alignment_medium=\"\" alignment_small=\"\" alignment=\"\" modal=\"\" hide_on_mobile=\"small-visibility,medium-visibility,large-visibility\" sticky_display=\"normal,sticky\" class=\"\" id=\"\" color=\"default\" button_gradient_top_color=\"\" button_gradient_bottom_color=\"\" button_gradient_top_color_hover=\"\" button_gradient_bottom_color_hover=\"\" accent_color=\"\" accent_hover_color=\"\" type=\"\" bevel_color=\"\" border_width=\"\" border_radius=\"\" border_color=\"\" border_hover_color=\"\" size=\"\" stretch=\"default\" margin_top=\"\" margin_right=\"\" margin_bottom=\"\" margin_left=\"\" icon=\"\" icon_position=\"left\" icon_divider=\"no\" animation_type=\"\" animation_direction=\"left\" animation_speed=\"0.3\" animation_offset=\"\"]M\u00e1s Informaci\u00f3n[\/fusion_button]\n<p>&nbsp;<\/p>\n<p><img decoding=\"async\" class=\"alignnone wp-image-2126\" src=\"http:\/\/bodegassimbolo.com\/tienda\/wp-content\/uploads\/2017\/03\/Diseno-sin-titulo-150x150.png\" alt=\"\" width=\"36\" height=\"36\" srcset=\"https:\/\/bodegassimbolo.com\/tienda\/wp-content\/uploads\/2017\/03\/Diseno-sin-titulo-66x66.png 66w, https:\/\/bodegassimbolo.com\/tienda\/wp-content\/uploads\/2017\/03\/Diseno-sin-titulo-150x150.png 150w, https:\/\/bodegassimbolo.com\/tienda\/wp-content\/uploads\/2017\/03\/Diseno-sin-titulo-200x200.png 200w, https:\/\/bodegassimbolo.com\/tienda\/wp-content\/uploads\/2017\/03\/Diseno-sin-titulo.png 236w\" sizes=\"(max-width: 36px) 100vw, 36px\" \/><strong>Variedad de uva:<\/strong> 100% Tempranillo<\/p>\n<p><img decoding=\"async\" class=\"alignnone wp-image-2132\" src=\"http:\/\/bodegassimbolo.com\/tienda\/wp-content\/uploads\/2017\/03\/Diseno-sin-titulo-6-150x150.png\" alt=\"\" width=\"36\" height=\"36\" srcset=\"https:\/\/bodegassimbolo.com\/tienda\/wp-content\/uploads\/2017\/03\/Diseno-sin-titulo-6-66x66.png 66w, https:\/\/bodegassimbolo.com\/tienda\/wp-content\/uploads\/2017\/03\/Diseno-sin-titulo-6-150x150.png 150w, https:\/\/bodegassimbolo.com\/tienda\/wp-content\/uploads\/2017\/03\/Diseno-sin-titulo-6-200x200.png 200w, https:\/\/bodegassimbolo.com\/tienda\/wp-content\/uploads\/2017\/03\/Diseno-sin-titulo-6.png 236w\" sizes=\"(max-width: 36px) 100vw, 36px\" \/><strong>Tipo de vino:<\/strong> Tinto 12 meses en barrica<\/p>\n<p><img decoding=\"async\" class=\"alignnone wp-image-2125\" src=\"http:\/\/bodegassimbolo.com\/tienda\/wp-content\/uploads\/2017\/03\/Diseno-sin-titulo-1-150x150.png\" alt=\"\" width=\"36\" height=\"36\" srcset=\"https:\/\/bodegassimbolo.com\/tienda\/wp-content\/uploads\/2017\/03\/Diseno-sin-titulo-1-66x66.png 66w, https:\/\/bodegassimbolo.com\/tienda\/wp-content\/uploads\/2017\/03\/Diseno-sin-titulo-1-150x150.png 150w, https:\/\/bodegassimbolo.com\/tienda\/wp-content\/uploads\/2017\/03\/Diseno-sin-titulo-1-200x200.png 200w, https:\/\/bodegassimbolo.com\/tienda\/wp-content\/uploads\/2017\/03\/Diseno-sin-titulo-1.png 236w\" sizes=\"(max-width: 36px) 100vw, 36px\" \/><strong>Nota de cata:<\/strong> En boca se presenta voluminoso, con un tanino redondo, sedoso, y un posgusto agradable y duradero<\/p>\n<p><img decoding=\"async\" class=\"alignnone wp-image-2130\" src=\"http:\/\/bodegassimbolo.com\/tienda\/wp-content\/uploads\/2017\/03\/Diseno-sin-titulo-2-150x150.png\" alt=\"\" width=\"36\" height=\"36\" srcset=\"https:\/\/bodegassimbolo.com\/tienda\/wp-content\/uploads\/2017\/03\/Diseno-sin-titulo-2-66x66.png 66w, https:\/\/bodegassimbolo.com\/tienda\/wp-content\/uploads\/2017\/03\/Diseno-sin-titulo-2-150x150.png 150w, https:\/\/bodegassimbolo.com\/tienda\/wp-content\/uploads\/2017\/03\/Diseno-sin-titulo-2-200x200.png 200w, https:\/\/bodegassimbolo.com\/tienda\/wp-content\/uploads\/2017\/03\/Diseno-sin-titulo-2.png 236w\" sizes=\"(max-width: 36px) 100vw, 36px\" \/><strong>Graduaci\u00f3n:\u00a0<\/strong>14%<\/p>\n<p><img decoding=\"async\" class=\"alignnone wp-image-2129\" src=\"http:\/\/bodegassimbolo.com\/tienda\/wp-content\/uploads\/2017\/03\/Diseno-sin-titulo-3-150x150.png\" alt=\"\" width=\"36\" height=\"36\" srcset=\"https:\/\/bodegassimbolo.com\/tienda\/wp-content\/uploads\/2017\/03\/Diseno-sin-titulo-3-66x66.png 66w, https:\/\/bodegassimbolo.com\/tienda\/wp-content\/uploads\/2017\/03\/Diseno-sin-titulo-3-150x150.png 150w, https:\/\/bodegassimbolo.com\/tienda\/wp-content\/uploads\/2017\/03\/Diseno-sin-titulo-3-200x200.png 200w, https:\/\/bodegassimbolo.com\/tienda\/wp-content\/uploads\/2017\/03\/Diseno-sin-titulo-3.png 236w\" sizes=\"(max-width: 36px) 100vw, 36px\" \/><strong>Temperatura de servicio:<\/strong> 14\u00baC &#8211; 16\u00baC<\/p>\n<p><img decoding=\"async\" class=\"alignnone wp-image-2128\" src=\"http:\/\/bodegassimbolo.com\/tienda\/wp-content\/uploads\/2017\/03\/Diseno-sin-titulo-4-150x150.png\" alt=\"\" width=\"36\" height=\"36\" srcset=\"https:\/\/bodegassimbolo.com\/tienda\/wp-content\/uploads\/2017\/03\/Diseno-sin-titulo-4-66x66.png 66w, https:\/\/bodegassimbolo.com\/tienda\/wp-content\/uploads\/2017\/03\/Diseno-sin-titulo-4-150x150.png 150w, https:\/\/bodegassimbolo.com\/tienda\/wp-content\/uploads\/2017\/03\/Diseno-sin-titulo-4-200x200.png 200w, https:\/\/bodegassimbolo.com\/tienda\/wp-content\/uploads\/2017\/03\/Diseno-sin-titulo-4.png 236w\" sizes=\"(max-width: 36px) 100vw, 36px\" \/><strong>A\u00f1ada:<\/strong> 2018<\/p>\n<p><img decoding=\"async\" class=\"alignnone wp-image-2127\" src=\"http:\/\/bodegassimbolo.com\/tienda\/wp-content\/uploads\/2017\/03\/Diseno-sin-titulo-5-150x150.png\" alt=\"\" width=\"36\" height=\"36\" srcset=\"https:\/\/bodegassimbolo.com\/tienda\/wp-content\/uploads\/2017\/03\/Diseno-sin-titulo-5-66x66.png 66w, https:\/\/bodegassimbolo.com\/tienda\/wp-content\/uploads\/2017\/03\/Diseno-sin-titulo-5-150x150.png 150w, https:\/\/bodegassimbolo.com\/tienda\/wp-content\/uploads\/2017\/03\/Diseno-sin-titulo-5-200x200.png 200w, https:\/\/bodegassimbolo.com\/tienda\/wp-content\/uploads\/2017\/03\/Diseno-sin-titulo-5.png 236w\" sizes=\"(max-width: 36px) 100vw, 36px\" \/><strong>Formato:<\/strong> Botella de 75 cl<\/p>\n<p><img decoding=\"async\" class=\"alignnone wp-image-2271\" src=\"http:\/\/bodegassimbolo.com\/tienda\/wp-content\/uploads\/2017\/03\/iconos-tienda-online-150x150.png\" alt=\"\" width=\"36\" height=\"36\" srcset=\"https:\/\/bodegassimbolo.com\/tienda\/wp-content\/uploads\/2017\/03\/iconos-tienda-online-66x66.png 66w, https:\/\/bodegassimbolo.com\/tienda\/wp-content\/uploads\/2017\/03\/iconos-tienda-online-150x150.png 150w, https:\/\/bodegassimbolo.com\/tienda\/wp-content\/uploads\/2017\/03\/iconos-tienda-online-200x200.png 200w, https:\/\/bodegassimbolo.com\/tienda\/wp-content\/uploads\/2017\/03\/iconos-tienda-online.png 236w\" sizes=\"(max-width: 36px) 100vw, 36px\" \/><strong>Premios:\u00a0<\/strong><\/p>\n<ul>\n<li>Medalla de Bronce &#8211; XXXVI Edici\u00f3n Premios Gran Selecci\u00f3n \u00abCampo y Alma\u00bb en 2025<\/li>\n<li>Medalla de Plata \u2013 Premios Bombo de Tomelloso 2025<\/li>\n<\/ul>\n<p><img decoding=\"async\" class=\"alignnone wp-image-2557 \" src=\"http:\/\/bodegassimbolo.com\/tienda\/wp-content\/uploads\/2017\/03\/iconos-tienda-online-1-150x150.png\" alt=\"\" width=\"35\" height=\"35\" srcset=\"https:\/\/bodegassimbolo.com\/tienda\/wp-content\/uploads\/2017\/03\/iconos-tienda-online-1-66x66.png 66w, https:\/\/bodegassimbolo.com\/tienda\/wp-content\/uploads\/2017\/03\/iconos-tienda-online-1-150x150.png 150w, https:\/\/bodegassimbolo.com\/tienda\/wp-content\/uploads\/2017\/03\/iconos-tienda-online-1-200x200.png 200w, https:\/\/bodegassimbolo.com\/tienda\/wp-content\/uploads\/2017\/03\/iconos-tienda-online-1.png 236w\" sizes=\"(max-width: 35px) 100vw, 35px\" \/><strong>Valor energ\u00e9tico:<\/strong> E (por 100ml) = 348kJ \/ 84kcal<\/p>\n[fusion_button link=\"https:\/\/bodegassimbolo.com\/wp-content\/uploads\/2024\/11\/ingredientes-reserva-2018.png\" text_transform=\"\" title=\"\" target=\"_blank\" link_attributes=\"\" alignment_medium=\"\" alignment_small=\"\" alignment=\"\" modal=\"\" hide_on_mobile=\"small-visibility,medium-visibility,large-visibility\" sticky_display=\"normal,sticky\" class=\"\" id=\"\" color=\"default\" button_gradient_top_color=\"\" button_gradient_bottom_color=\"\" button_gradient_top_color_hover=\"\" button_gradient_bottom_color_hover=\"\" accent_color=\"\" accent_hover_color=\"\" type=\"\" bevel_color=\"\" border_width=\"\" border_radius=\"\" border_color=\"\" border_hover_color=\"\" size=\"\" stretch=\"default\" margin_top=\"\" margin_right=\"\" margin_bottom=\"\" margin_left=\"\" icon=\"\" icon_position=\"left\" icon_divider=\"no\" animation_type=\"\" animation_direction=\"left\" animation_speed=\"0.3\" animation_offset=\"\"]M\u00e1s informaci\u00f3n de ingredientes y tabla nutricional[\/fusion_button]\n","protected":false},"featured_media":2748,"comment_status":"open","ping_status":"closed","template":"","meta":[],"product_cat":[54,62],"product_tag":[],"_links":{"self":[{"href":"https:\/\/bodegassimbolo.com\/tienda\/wp-json\/wp\/v2\/product\/2736"}],"collection":[{"href":"https:\/\/bodegassimbolo.com\/tienda\/wp-json\/wp\/v2\/product"}],"about":[{"href":"https:\/\/bodegassimbolo.com\/tienda\/wp-json\/wp\/v2\/types\/product"}],"replies":[{"embeddable":true,"href":"https:\/\/bodegassimbolo.com\/tienda\/wp-json\/wp\/v2\/comments?post=2736"}],"wp:featuredmedia":[{"embeddable":true,"href":"https:\/\/bodegassimbolo.com\/tienda\/wp-json\/wp\/v2\/media\/2748"}],"wp:attachment":[{"href":"https:\/\/bodegassimbolo.com\/tienda\/wp-json\/wp\/v2\/media?parent=2736"}],"wp:term":[{"taxonomy":"product_cat","embeddable":true,"href":"https:\/\/bodegassimbolo.com\/tienda\/wp-json\/wp\/v2\/product_cat?post=2736"},{"taxonomy":"product_tag","embeddable":true,"href":"https:\/\/bodegassimbolo.com\/tienda\/wp-json\/wp\/v2\/product_tag?post=2736"}],"curies":[{"name":"wp","href":"https:\/\/api.w.org\/{rel}","templated":true}]}}